{"id":525,"date":"2025-02-19T00:16:49","date_gmt":"2025-02-19T00:16:49","guid":{"rendered":"https:\/\/melillavending.com\/?page_id=525"},"modified":"2025-02-19T00:19:21","modified_gmt":"2025-02-19T00:19:21","slug":"politica-de-cookies","status":"publish","type":"page","link":"https:\/\/melillavending.com\/en\/politica-de-cookies\/","title":{"rendered":"Cookie policy"},"content":{"rendered":"<div data-elementor-type=\"wp-page\" data-elementor-id=\"525\" class=\"elementor elementor-525\" data-elementor-post-type=\"page\">\n\t\t\t\t\t\t<section class=\"elementor-section elementor-top-section elementor-element elementor-element-c4ff13a elementor-section-height-min-height elementor-section-items-bottom elementor-section-boxed elementor-section-height-default\" data-id=\"c4ff13a\" data-element_type=\"section\" data-settings=\"{&quot;background_background&quot;:&quot;classic&quot;}\">\n\t\t\t\t\t\t<div class=\"elementor-container elementor-column-gap-no\">\n\t\t\t\t\t<div class=\"elementor-column elementor-col-100 elementor-top-column elementor-element elementor-element-71e440b\" data-id=\"71e440b\" data-element_type=\"column\">\n\t\t\t<div class=\"elementor-widget-wrap elementor-element-populated\">\n\t\t\t\t\t\t<section class=\"elementor-section elementor-inner-section elementor-element elementor-element-775f758 elementor-section-content-middle elementor-section-boxed elementor-section-height-default elementor-section-height-default elementor-invisible\" data-id=\"775f758\" data-element_type=\"section\" data-settings=\"{&quot;animation&quot;:&quot;slideInDown&quot;}\">\n\t\t\t\t\t\t<div class=\"elementor-container elementor-column-gap-no\">\n\t\t\t\t\t<div class=\"elementor-column elementor-col-100 elementor-inner-column elementor-element elementor-element-54a850a\" data-id=\"54a850a\" data-element_type=\"column\">\n\t\t\t<div class=\"elementor-widget-wrap elementor-element-populated\">\n\t\t\t\t\t\t\t<\/div>\n\t\t<\/div>\n\t\t\t\t\t<\/div>\n\t\t<\/section>\n\t\t\t\t\t<\/div>\n\t\t<\/div>\n\t\t\t\t\t<\/div>\n\t\t<\/section>\n\t\t<div class=\"elementor-element elementor-element-94d660a e-flex e-con-boxed e-con e-parent\" data-id=\"94d660a\" data-element_type=\"container\">\n\t\t\t\t\t<div class=\"e-con-inner\">\n\t\t<div class=\"elementor-element elementor-element-1c9f1d8 e-con-full e-flex e-con e-child\" data-id=\"1c9f1d8\" data-element_type=\"container\">\n\t\t\t\t<div class=\"elementor-element elementor-element-05505d1 elementor-widget elementor-widget-text-editor\" data-id=\"05505d1\" data-element_type=\"widget\" data-widget_type=\"text-editor.default\">\n\t\t\t\t<div class=\"elementor-widget-container\">\n\t\t\t\t\t\t\t\t\t<p><strong>DEFINICI\u00d3N DE COOKIES<\/strong><\/p><p>Una cookie es un fichero que se descarga en su ordenador al acceder a determinadas p\u00e1ginas web. Las cookies permiten a una p\u00e1gina web, entre otras cosas, almacenar y recuperar informaci\u00f3n sobre los h\u00e1bitos de navegaci\u00f3n de un usuario o de su equipo y, dependiendo de la informaci\u00f3n que contengan y de la forma en que utilice su equipo, pueden utilizarse para reconocer al usuario.<\/p><h4><span style=\"color: #808080;\">TIPOS DE COOKIES.<\/span><\/h4><p><strong>1.- Tipos de cookies, seg\u00fan la entidad que las gestione:<\/strong><\/p><p>a) Cookies Propias: Son aquellas que se env\u00edan al equipo terminal del usuario desde un equipo dominio gestionado por el propio editor y desde que se presta el servicio solicitado por el usuario.<\/p><p>b) Cookies de terceros: Son aquellas que se env\u00edan al equipo terminal del usuario desde un equipo o dominio que no es gestionado por el editor, sino por otra entidad que trata los datos obtenidos a trav\u00e9s de las cookies.<\/p><p><strong>2.- Tipos de cookies, seg\u00fan su finalidad:<\/strong><\/p><p>a) Cookies T\u00e9cnicas: Son aquellas que permiten al usuario la navegaci\u00f3n a trav\u00e9s de la p\u00e1gina web, plataforma o aplicaci\u00f3n y la utilizaci\u00f3n de las diferentes opciones o servicios que en ella existen.<\/p><p>b) Cookies de An\u00e1lisis: Son aquellas que permiten al responsable de las mismas, el seguimiento y an\u00e1lisis del comportamiento de los usuarios de los sitios web a los que est\u00e1n vinculadas.<\/p><p><strong>3.-Tipos de cookies, seg\u00fan el plazo de tiempo de tiempo que permanecen activadas:<\/strong><\/p><p>a) Cookies de Sesi\u00f3n: Son las dise\u00f1adas para recabar y almacenar datos mientras el usuario accede a una p\u00e1gina web. Se suelen emplear para la prestaci\u00f3n del servicio solicitado por el usuario en una sola ocasi\u00f3n.<\/p><p>b) Cookies Persistentes: Son las dise\u00f1adas para que los datos sigan almacenados en el terminal y pueden ser accedidos y tratados durante un periodo definido por el responsable de la cookie, y que puede ir de unos minutos a varios a\u00f1os.<\/p><p>La web de BONILLA LOPEZ &#8211; GARCIA AZNAR C.B. utiliza estas cookies propias y de terceros, todas en el dominio bonillaygarciaabogados.es<\/p><table border=\"0\" width=\"770\" cellspacing=\"0\" cellpadding=\"0\"><tbody><tr><td width=\"69\"><strong>Cookie<\/strong><\/td><td width=\"112\"><strong>Tipo<\/strong><\/td><td width=\"522\"><strong>Finalidad<\/strong><\/td><td width=\"67\"><strong>Caducidad<\/strong><\/td><\/tr><tr><td align=\"left\" valign=\"top\">moove_<br \/>gdpr_<br \/>popup<\/td><td align=\"left\" valign=\"top\">Propia<\/td><td align=\"left\" valign=\"top\">Contiene el valor de si se ha aceptado la instalaci\u00f3n de cookies.<\/td><td align=\"left\" valign=\"top\">1 a\u00f1o<\/td><\/tr><tr><td align=\"left\" valign=\"top\">_ga<\/td><td align=\"left\" valign=\"top\">Cookie de terceros<\/td><td align=\"left\" valign=\"top\">cookie de Google Analytics que habilita la funci\u00f3n de control de visitas \u00fanicas. La primera vez que un usuario entre en el sitio web a trav\u00e9s de un navegador se instalar\u00e1 esta cookie. Cuando este usuario vuelva a entrar en la web con el mismo navegador, la cookie considerar\u00e1 que es el mismo usuario. Solo en el caso de que el usuario cambie de navegador, se considerar\u00e1 otro usuario. Caduca a los 2 a\u00f1os desde la \u00faltima actualizaci\u00f3n.<\/td><td align=\"left\" valign=\"top\">2 a\u00f1os<\/td><\/tr><tr><td align=\"left\" valign=\"top\">_gat<\/td><td align=\"left\" valign=\"top\">Cookie de terceros<\/td><td align=\"left\" valign=\"top\">Esta cookie se asocia con Google Analytics Universal. Se utiliza para limitar la velocidad de petici\u00f3n y la limitaci\u00f3n de la recogida de datos en los sitios de alto tr\u00e1fico. Caduca a los 10 minutos.<\/td><td align=\"left\" valign=\"top\">10 minutos<\/td><\/tr><tr><td align=\"left\" valign=\"top\">_gid<\/td><td align=\"left\" valign=\"top\">Cookie de terceros<\/td><td align=\"left\" valign=\"top\">Se usa para distinguir a los usuarios.<\/td><td align=\"left\" valign=\"top\">24 horas<\/td><\/tr><tr><td align=\"left\" valign=\"top\">_fbp<\/td><td align=\"left\" valign=\"top\">Cookie de terceros<\/td><td align=\"left\" valign=\"top\">Utilizado por Facebook para ofrecer una serie de productos publicitarios, como ofertas en tiempo real de terceros anunciantes.<\/td><td align=\"left\" valign=\"top\">1 d\u00eda<\/td><\/tr><tr><td align=\"left\" valign=\"top\">_fr<\/td><td align=\"left\" valign=\"top\">Cookie de terceros<\/td><td align=\"left\" valign=\"top\">Utilizado por Facebook para ofrecer una serie de productos publicitarios, como ofertas en tiempo real de terceros anunciantes.<\/td><td align=\"left\" valign=\"top\">1 mes<\/td><\/tr><\/tbody><\/table><div class=\"text-left\"><p><strong>BLOQUEO\/ELIMINACION DE LAS COOKIES<\/strong><\/p><p>Puede usted permitir, bloquear o eliminar las cookies instaladas en su equipo mediante la configuraci\u00f3n de las opciones del navegador instalado en su ordenador.<\/p><ul><li><p>Chrome, desde\u00a0<a href=\"http:\/\/support.google.com\/chrome\/bin\/answer.py?hl=es&amp;answer=95647\" target=\"_blank\" rel=\"noopener\">http:\/\/support.google.com\/chrome\/bin\/answer.py?hl=es&amp;answer=95647<\/a><\/p><\/li><li><p>Explorer, desde\u00a0<a href=\"http:\/\/windows.microsoft.com\/es-es\/windows7\/how-to-manage-cookies-in-internet-explorer-9\" target=\"_blank\" rel=\"noopener\">http:\/\/windows.microsoft.com\/es-es\/windows7\/how-to-manage-cookies-in-internet-explorer-9<\/a><\/p><\/li><li><p>Firefox, desde\u00a0<a href=\"http:\/\/support.mozilla.org\/es\/kb\/habilitar-y-deshabilitar-cookies-que-los-sitios-we\" target=\"_blank\" rel=\"noopener\">http:\/\/support.mozilla.org\/es\/kb\/habilitar-y-deshabilitar-cookies-que-los-sitios-we<\/a><\/p><\/li><li><p>Safari, desde\u00a0<a href=\"http:\/\/support.apple.com\/kb\/ph5042\">http:\/\/support.apple.com\/kb\/ph5042<\/a><\/p><\/li><\/ul><\/div><h4><span style=\"color: #808080;\">ACCESO A DATOS<\/span><\/h4><p>Las cookies de nuestro sitio web son \u00fanicamente utilizadas por:<\/p><p>El Titular de la p\u00e1gina, BONILLA LOPEZ &#8211; GARCIA AZNAR C.B., con C.B. E04518254 y domicilio social en Paseo de las Lomas 180, 1A 04700 El Ejido (Almer\u00eda)<\/p>\t\t\t\t\t\t\t\t<\/div>\n\t\t\t\t<\/div>\n\t\t\t\t<\/div>\n\t\t\t\t\t<\/div>\n\t\t\t\t<\/div>\n\t\t\t\t<\/div>","protected":false},"excerpt":{"rendered":"<p>DEFINICI\u00d3N DE COOKIES Una cookie es un fichero que se descarga en su ordenador al acceder a determinadas p\u00e1ginas web. Las cookies permiten a una p\u00e1gina web, entre otras cosas, almacenar y recuperar informaci\u00f3n sobre los h\u00e1bitos de navegaci\u00f3n de un usuario o de su equipo y, dependiendo de la informaci\u00f3n que contengan y de [&hellip;]<\/p>","protected":false},"author":1,"featured_media":0,"parent":0,"menu_order":0,"comment_status":"closed","ping_status":"closed","template":"elementor_header_footer","meta":{"footnotes":""},"class_list":["post-525","page","type-page","status-publish","hentry"],"yoast_head":"<!-- This site is optimized with the Yoast SEO plugin v27.1.1 - https:\/\/yoast.com\/product\/yoast-seo-wordpress\/ -->\n<title>Pol\u00edtica de Cookies - Emanuel Benitez<\/title>\n<meta name=\"robots\" content=\"index, follow, max-snippet:-1, max-image-preview:large, max-video-preview:-1\" \/>\n<link rel=\"canonical\" href=\"https:\/\/melillavending.com\/en\/politica-de-cookies\/\" \/>\n<meta property=\"og:locale\" content=\"en_GB\" \/>\n<meta property=\"og:type\" content=\"article\" \/>\n<meta property=\"og:title\" content=\"Pol\u00edtica de Cookies - Emanuel Benitez\" \/>\n<meta property=\"og:description\" content=\"DEFINICI\u00d3N DE COOKIES Una cookie es un fichero que se descarga en su ordenador al acceder a determinadas p\u00e1ginas web. Las cookies permiten a una p\u00e1gina web, entre otras cosas, almacenar y recuperar informaci\u00f3n sobre los h\u00e1bitos de navegaci\u00f3n de un usuario o de su equipo y, dependiendo de la informaci\u00f3n que contengan y de [&hellip;]\" \/>\n<meta property=\"og:url\" content=\"https:\/\/melillavending.com\/en\/politica-de-cookies\/\" \/>\n<meta property=\"og:site_name\" content=\"Emanuel Benitez\" \/>\n<meta property=\"article:modified_time\" content=\"2025-02-19T00:19:21+00:00\" \/>\n<meta name=\"twitter:card\" content=\"summary_large_image\" \/>\n<meta name=\"twitter:label1\" content=\"Estimated reading time\" \/>\n\t<meta name=\"twitter:data1\" content=\"3 minutes\" \/>\n<script type=\"application\/ld+json\" class=\"yoast-schema-graph\">{\"@context\":\"https:\/\/schema.org\",\"@graph\":[{\"@type\":\"WebPage\",\"@id\":\"https:\/\/melillavending.com\/politica-de-cookies\/\",\"url\":\"https:\/\/melillavending.com\/politica-de-cookies\/\",\"name\":\"Pol\u00edtica de Cookies - Emanuel Benitez\",\"isPartOf\":{\"@id\":\"https:\/\/melillavending.com\/#website\"},\"datePublished\":\"2025-02-19T00:16:49+00:00\",\"dateModified\":\"2025-02-19T00:19:21+00:00\",\"breadcrumb\":{\"@id\":\"https:\/\/melillavending.com\/politica-de-cookies\/#breadcrumb\"},\"inLanguage\":\"en-GB\",\"potentialAction\":[{\"@type\":\"ReadAction\",\"target\":[\"https:\/\/melillavending.com\/politica-de-cookies\/\"]}]},{\"@type\":\"BreadcrumbList\",\"@id\":\"https:\/\/melillavending.com\/politica-de-cookies\/#breadcrumb\",\"itemListElement\":[{\"@type\":\"ListItem\",\"position\":1,\"name\":\"Home\",\"item\":\"https:\/\/melillavending.com\/en\/\"},{\"@type\":\"ListItem\",\"position\":2,\"name\":\"Pol\u00edtica de Cookies\"}]},{\"@type\":\"WebSite\",\"@id\":\"https:\/\/melillavending.com\/#website\",\"url\":\"https:\/\/melillavending.com\/\",\"name\":\"Emanuel Benitez\",\"description\":\"\",\"publisher\":{\"@id\":\"https:\/\/melillavending.com\/#organization\"},\"potentialAction\":[{\"@type\":\"SearchAction\",\"target\":{\"@type\":\"EntryPoint\",\"urlTemplate\":\"https:\/\/melillavending.com\/?s={search_term_string}\"},\"query-input\":{\"@type\":\"PropertyValueSpecification\",\"valueRequired\":true,\"valueName\":\"search_term_string\"}}],\"inLanguage\":\"en-GB\"},{\"@type\":\"Organization\",\"@id\":\"https:\/\/melillavending.com\/#organization\",\"name\":\"Emanuel Benitez\",\"url\":\"https:\/\/melillavending.com\/\",\"logo\":{\"@type\":\"ImageObject\",\"inLanguage\":\"en-GB\",\"@id\":\"https:\/\/melillavending.com\/#\/schema\/logo\/image\/\",\"url\":\"https:\/\/melillavending.com\/wp-content\/uploads\/2025\/02\/logo-Melilla-Vending-blanco.png\",\"contentUrl\":\"https:\/\/melillavending.com\/wp-content\/uploads\/2025\/02\/logo-Melilla-Vending-blanco.png\",\"width\":351,\"height\":112,\"caption\":\"Emanuel Benitez\"},\"image\":{\"@id\":\"https:\/\/melillavending.com\/#\/schema\/logo\/image\/\"}}]}<\/script>\n<!-- \/ Yoast SEO plugin. -->","yoast_head_json":{"title":"Pol\u00edtica de Cookies - Emanuel Benitez","robots":{"index":"index","follow":"follow","max-snippet":"max-snippet:-1","max-image-preview":"max-image-preview:large","max-video-preview":"max-video-preview:-1"},"canonical":"https:\/\/melillavending.com\/en\/politica-de-cookies\/","og_locale":"en_GB","og_type":"article","og_title":"Pol\u00edtica de Cookies - Emanuel Benitez","og_description":"DEFINICI\u00d3N DE COOKIES Una cookie es un fichero que se descarga en su ordenador al acceder a determinadas p\u00e1ginas web. Las cookies permiten a una p\u00e1gina web, entre otras cosas, almacenar y recuperar informaci\u00f3n sobre los h\u00e1bitos de navegaci\u00f3n de un usuario o de su equipo y, dependiendo de la informaci\u00f3n que contengan y de [&hellip;]","og_url":"https:\/\/melillavending.com\/en\/politica-de-cookies\/","og_site_name":"Emanuel Benitez","article_modified_time":"2025-02-19T00:19:21+00:00","twitter_card":"summary_large_image","twitter_misc":{"Estimated reading time":"3 minutes"},"schema":{"@context":"https:\/\/schema.org","@graph":[{"@type":"WebPage","@id":"https:\/\/melillavending.com\/politica-de-cookies\/","url":"https:\/\/melillavending.com\/politica-de-cookies\/","name":"Pol\u00edtica de Cookies - Emanuel Benitez","isPartOf":{"@id":"https:\/\/melillavending.com\/#website"},"datePublished":"2025-02-19T00:16:49+00:00","dateModified":"2025-02-19T00:19:21+00:00","breadcrumb":{"@id":"https:\/\/melillavending.com\/politica-de-cookies\/#breadcrumb"},"inLanguage":"en-GB","potentialAction":[{"@type":"ReadAction","target":["https:\/\/melillavending.com\/politica-de-cookies\/"]}]},{"@type":"BreadcrumbList","@id":"https:\/\/melillavending.com\/politica-de-cookies\/#breadcrumb","itemListElement":[{"@type":"ListItem","position":1,"name":"Home","item":"https:\/\/melillavending.com\/en\/"},{"@type":"ListItem","position":2,"name":"Pol\u00edtica de Cookies"}]},{"@type":"WebSite","@id":"https:\/\/melillavending.com\/#website","url":"https:\/\/melillavending.com\/","name":"Emanuel Benitez","description":"","publisher":{"@id":"https:\/\/melillavending.com\/#organization"},"potentialAction":[{"@type":"SearchAction","target":{"@type":"EntryPoint","urlTemplate":"https:\/\/melillavending.com\/?s={search_term_string}"},"query-input":{"@type":"PropertyValueSpecification","valueRequired":true,"valueName":"search_term_string"}}],"inLanguage":"en-GB"},{"@type":"Organization","@id":"https:\/\/melillavending.com\/#organization","name":"Emanuel Benitez","url":"https:\/\/melillavending.com\/","logo":{"@type":"ImageObject","inLanguage":"en-GB","@id":"https:\/\/melillavending.com\/#\/schema\/logo\/image\/","url":"https:\/\/melillavending.com\/wp-content\/uploads\/2025\/02\/logo-Melilla-Vending-blanco.png","contentUrl":"https:\/\/melillavending.com\/wp-content\/uploads\/2025\/02\/logo-Melilla-Vending-blanco.png","width":351,"height":112,"caption":"Emanuel Benitez"},"image":{"@id":"https:\/\/melillavending.com\/#\/schema\/logo\/image\/"}}]}},"_links":{"self":[{"href":"https:\/\/melillavending.com\/en\/wp-json\/wp\/v2\/pages\/525","targetHints":{"allow":["GET"]}}],"collection":[{"href":"https:\/\/melillavending.com\/en\/wp-json\/wp\/v2\/pages"}],"about":[{"href":"https:\/\/melillavending.com\/en\/wp-json\/wp\/v2\/types\/page"}],"author":[{"embeddable":true,"href":"https:\/\/melillavending.com\/en\/wp-json\/wp\/v2\/users\/1"}],"replies":[{"embeddable":true,"href":"https:\/\/melillavending.com\/en\/wp-json\/wp\/v2\/comments?post=525"}],"version-history":[{"count":4,"href":"https:\/\/melillavending.com\/en\/wp-json\/wp\/v2\/pages\/525\/revisions"}],"predecessor-version":[{"id":537,"href":"https:\/\/melillavending.com\/en\/wp-json\/wp\/v2\/pages\/525\/revisions\/537"}],"wp:attachment":[{"href":"https:\/\/melillavending.com\/en\/wp-json\/wp\/v2\/media?parent=525"}],"curies":[{"name":"wp","href":"https:\/\/api.w.org\/{rel}","templated":true}]}}